{"id":2977,"date":"2025-12-17T16:42:22","date_gmt":"2025-12-17T21:42:22","guid":{"rendered":"http:\/\/172.105.18.252\/?page_id=2977"},"modified":"2026-04-10T16:24:27","modified_gmt":"2026-04-10T21:24:27","slug":"workshop","status":"publish","type":"page","link":"http:\/\/172.105.103.139\/?page_id=2977","title":{"rendered":"WORKSHOP"},"content":{"rendered":"\t\t<div data-elementor-type=\"wp-page\" data-elementor-id=\"2977\" class=\"elementor elementor-2977\">\n\t\t\t\t\t\t<section class=\"elementor-section elementor-top-section elementor-element elementor-element-2d696c3 elementor-section-full_width elementor-section-height-default elementor-section-height-default\" data-id=\"2d696c3\" data-element_type=\"section\" data-e-type=\"section\">\n\t\t\t\t\t\t<div class=\"elementor-container elementor-column-gap-default\">\n\t\t\t\t\t<div class=\"elementor-column elementor-col-100 elementor-top-column elementor-element elementor-element-a83cb34\" data-id=\"a83cb34\" data-element_type=\"column\" data-e-type=\"column\">\n\t\t\t<div class=\"elementor-widget-wrap elementor-element-populated\">\n\t\t\t\t\t\t<div class=\"elementor-element elementor-element-fe3e692 elementor-widget elementor-widget-image\" data-id=\"fe3e692\" data-element_type=\"widget\" data-e-type=\"widget\" data-widget_type=\"image.default\">\n\t\t\t\t<div class=\"elementor-widget-container\">\n\t\t\t\t\t\t\t\t\t\t\t\t\t\t\t<img fetchpriority=\"high\" decoding=\"async\" width=\"2560\" height=\"1095\" src=\"http:\/\/172.105.103.139\/wp-content\/uploads\/2026\/04\/WORKSHOP_Banner-servicios-copia-7-scaled.jpg\" class=\"attachment-full size-full wp-image-3217\" alt=\"\" srcset=\"http:\/\/172.105.103.139\/wp-content\/uploads\/2026\/04\/WORKSHOP_Banner-servicios-copia-7-scaled.jpg 2560w, http:\/\/172.105.103.139\/wp-content\/uploads\/2026\/04\/WORKSHOP_Banner-servicios-copia-7-300x128.jpg 300w, http:\/\/172.105.103.139\/wp-content\/uploads\/2026\/04\/WORKSHOP_Banner-servicios-copia-7-1024x438.jpg 1024w, http:\/\/172.105.103.139\/wp-content\/uploads\/2026\/04\/WORKSHOP_Banner-servicios-copia-7-768x328.jpg 768w, http:\/\/172.105.103.139\/wp-content\/uploads\/2026\/04\/WORKSHOP_Banner-servicios-copia-7-1536x657.jpg 1536w, http:\/\/172.105.103.139\/wp-content\/uploads\/2026\/04\/WORKSHOP_Banner-servicios-copia-7-2048x876.jpg 2048w\" sizes=\"(max-width: 2560px) 100vw, 2560px\" \/>\t\t\t\t\t\t\t\t\t\t\t\t\t\t\t<\/div>\n\t\t\t\t<\/div>\n\t\t\t\t\t<\/div>\n\t\t<\/div>\n\t\t\t\t\t<\/div>\n\t\t<\/section>\n\t\t\t\t<section class=\"elementor-section elementor-top-section elementor-element elementor-element-4722b16 elementor-section-boxed elementor-section-height-default elementor-section-height-default\" data-id=\"4722b16\" data-element_type=\"section\" data-e-type=\"section\" data-settings=\"{&quot;background_background&quot;:&quot;classic&quot;}\">\n\t\t\t\t\t\t<div class=\"elementor-container elementor-column-gap-default\">\n\t\t\t\t\t<div class=\"elementor-column elementor-col-100 elementor-top-column elementor-element elementor-element-321e991\" data-id=\"321e991\" data-element_type=\"column\" data-e-type=\"column\">\n\t\t\t<div class=\"elementor-widget-wrap elementor-element-populated\">\n\t\t\t\t\t\t<div class=\"elementor-element elementor-element-584c91a elementor-widget elementor-widget-text-editor\" data-id=\"584c91a\" data-element_type=\"widget\" data-e-type=\"widget\" data-widget_type=\"text-editor.default\">\n\t\t\t\t<div class=\"elementor-widget-container\">\n\t\t\t\t\t\t\t\t\t<div data-olk-copy-source=\"MailCompose\">Es una metodolog\u00eda cient\u00edfica, <span style=\"color: #85bbf9;\"><em><strong>disruptiva, novedosa y creativa<\/strong><\/em> <\/span>que sirve para mejorar el funcionamiento del<em><strong> Sistema de gesti\u00f3n y de las organizaciones.<\/strong> <\/em>Es el resultado de 11 a\u00f1os de investigaci\u00f3n y tiene dos puntos fundamentales, el primero de ellos es que libera la imaginaci\u00f3n y la creatividad de las personas en beneficio de la construcci\u00f3n de conocimiento en la memoria de largo plazo, de la formulaci\u00f3n de estrategias y soluciones empresariales en distintas disciplinas y el segundo es que permite una profundizaci\u00f3n en la comunicaci\u00f3n entre los diferentes integrantes de la empresa.<\/div><div>\u00a0<\/div><div>\u00a0<\/div><div>Utilizando las fichas de Lego se podr\u00e1n construir con las manos modelos que metaf\u00f3ricamente representen soluciones a problemas de la empresa y\/o aspectos relacionados con la construcci\u00f3n de conocimiento.<\/div>\t\t\t\t\t\t\t\t<\/div>\n\t\t\t\t<\/div>\n\t\t\t\t\t<\/div>\n\t\t<\/div>\n\t\t\t\t\t<\/div>\n\t\t<\/section>\n\t\t\t\t<section class=\"elementor-section elementor-top-section elementor-element elementor-element-9c13da3 elementor-section-full_width elementor-section-height-default elementor-section-height-default\" data-id=\"9c13da3\" data-element_type=\"section\" data-e-type=\"section\" data-settings=\"{&quot;background_background&quot;:&quot;classic&quot;}\">\n\t\t\t\t\t\t<div class=\"elementor-container elementor-column-gap-no\">\n\t\t\t\t\t<div class=\"elementor-column elementor-col-100 elementor-top-column elementor-element elementor-element-d11a2c6\" data-id=\"d11a2c6\" data-element_type=\"column\" data-e-type=\"column\">\n\t\t\t<div class=\"elementor-widget-wrap elementor-element-populated\">\n\t\t\t\t\t\t<div class=\"elementor-element elementor-element-acf0099 elementor-widget elementor-widget-image\" data-id=\"acf0099\" data-element_type=\"widget\" data-e-type=\"widget\" data-widget_type=\"image.default\">\n\t\t\t\t<div class=\"elementor-widget-container\">\n\t\t\t\t\t\t\t\t\t\t\t\t\t\t\t<img decoding=\"async\" width=\"2560\" height=\"1032\" src=\"http:\/\/172.105.103.139\/wp-content\/uploads\/2025\/12\/Workshop-fotos-scaled.png\" class=\"attachment-full size-full wp-image-2980\" alt=\"\" srcset=\"http:\/\/172.105.103.139\/wp-content\/uploads\/2025\/12\/Workshop-fotos-scaled.png 2560w, http:\/\/172.105.103.139\/wp-content\/uploads\/2025\/12\/Workshop-fotos-300x121.png 300w, http:\/\/172.105.103.139\/wp-content\/uploads\/2025\/12\/Workshop-fotos-1024x413.png 1024w, http:\/\/172.105.103.139\/wp-content\/uploads\/2025\/12\/Workshop-fotos-768x310.png 768w, http:\/\/172.105.103.139\/wp-content\/uploads\/2025\/12\/Workshop-fotos-1536x619.png 1536w, http:\/\/172.105.103.139\/wp-content\/uploads\/2025\/12\/Workshop-fotos-2048x825.png 2048w\" sizes=\"(max-width: 2560px) 100vw, 2560px\" \/>\t\t\t\t\t\t\t\t\t\t\t\t\t\t\t<\/div>\n\t\t\t\t<\/div>\n\t\t\t\t\t<\/div>\n\t\t<\/div>\n\t\t\t\t\t<\/div>\n\t\t<\/section>\n\t\t\t\t<section class=\"elementor-section elementor-top-section elementor-element elementor-element-d9aa9cb elementor-section-boxed elementor-section-height-default elementor-section-height-default\" data-id=\"d9aa9cb\" data-element_type=\"section\" data-e-type=\"section\">\n\t\t\t\t\t\t<div class=\"elementor-container elementor-column-gap-default\">\n\t\t\t\t\t<div class=\"elementor-column elementor-col-100 elementor-top-column elementor-element elementor-element-4dabbce\" data-id=\"4dabbce\" data-element_type=\"column\" data-e-type=\"column\">\n\t\t\t<div class=\"elementor-widget-wrap elementor-element-populated\">\n\t\t\t\t\t\t<div class=\"elementor-element elementor-element-2665b98 elementor-widget-divider--view-line elementor-widget elementor-widget-divider\" data-id=\"2665b98\" data-element_type=\"widget\" data-e-type=\"widget\" data-widget_type=\"divider.default\">\n\t\t\t\t<div class=\"elementor-widget-container\">\n\t\t\t\t\t\t\t<div class=\"elementor-divider\">\n\t\t\t<span class=\"elementor-divider-separator\">\n\t\t\t\t\t\t<\/span>\n\t\t<\/div>\n\t\t\t\t\t\t<\/div>\n\t\t\t\t<\/div>\n\t\t\t\t\t<\/div>\n\t\t<\/div>\n\t\t\t\t\t<\/div>\n\t\t<\/section>\n\t\t\t\t<section class=\"elementor-section elementor-top-section elementor-element elementor-element-27730cf elementor-section-boxed elementor-section-height-default elementor-section-height-default\" data-id=\"27730cf\" data-element_type=\"section\" data-e-type=\"section\">\n\t\t\t\t\t\t<div class=\"elementor-container elementor-column-gap-default\">\n\t\t\t\t\t<div class=\"elementor-column elementor-col-100 elementor-top-column elementor-element elementor-element-210d1c5\" data-id=\"210d1c5\" data-element_type=\"column\" data-e-type=\"column\">\n\t\t\t<div class=\"elementor-widget-wrap elementor-element-populated\">\n\t\t\t\t\t\t<div class=\"elementor-element elementor-element-32cf7dd elementor-widget elementor-widget-heading\" data-id=\"32cf7dd\" data-element_type=\"widget\" data-e-type=\"widget\" data-widget_type=\"heading.default\">\n\t\t\t\t<div class=\"elementor-widget-container\">\n\t\t\t\t\t<h2 class=\"elementor-heading-title elementor-size-default\">Beneficios<\/h2>\t\t\t\t<\/div>\n\t\t\t\t<\/div>\n\t\t\t\t\t<\/div>\n\t\t<\/div>\n\t\t\t\t\t<\/div>\n\t\t<\/section>\n\t\t\t\t<section class=\"elementor-section elementor-top-section elementor-element elementor-element-83e77c9 elementor-section-full_width elementor-section-height-default elementor-section-height-default\" data-id=\"83e77c9\" data-element_type=\"section\" data-e-type=\"section\">\n\t\t\t\t\t\t<div class=\"elementor-container elementor-column-gap-default\">\n\t\t\t\t\t<div class=\"elementor-column elementor-col-100 elementor-top-column elementor-element elementor-element-ee96f76\" data-id=\"ee96f76\" data-element_type=\"column\" data-e-type=\"column\">\n\t\t\t<div class=\"elementor-widget-wrap elementor-element-populated\">\n\t\t\t\t\t\t<div class=\"elementor-element elementor-element-6217a01 elementor-widget elementor-widget-image\" data-id=\"6217a01\" data-element_type=\"widget\" data-e-type=\"widget\" data-widget_type=\"image.default\">\n\t\t\t\t<div class=\"elementor-widget-container\">\n\t\t\t\t\t\t\t\t\t\t\t\t\t\t\t<img decoding=\"async\" width=\"2560\" height=\"1492\" src=\"http:\/\/172.105.103.139\/wp-content\/uploads\/2026\/03\/BENEFICIOS_-scaled.jpg\" class=\"attachment-full size-full wp-image-3152\" alt=\"\" srcset=\"http:\/\/172.105.103.139\/wp-content\/uploads\/2026\/03\/BENEFICIOS_-scaled.jpg 2560w, http:\/\/172.105.103.139\/wp-content\/uploads\/2026\/03\/BENEFICIOS_-300x175.jpg 300w, http:\/\/172.105.103.139\/wp-content\/uploads\/2026\/03\/BENEFICIOS_-1024x597.jpg 1024w, http:\/\/172.105.103.139\/wp-content\/uploads\/2026\/03\/BENEFICIOS_-768x448.jpg 768w, http:\/\/172.105.103.139\/wp-content\/uploads\/2026\/03\/BENEFICIOS_-1536x895.jpg 1536w, http:\/\/172.105.103.139\/wp-content\/uploads\/2026\/03\/BENEFICIOS_-2048x1194.jpg 2048w\" sizes=\"(max-width: 2560px) 100vw, 2560px\" \/>\t\t\t\t\t\t\t\t\t\t\t\t\t\t\t<\/div>\n\t\t\t\t<\/div>\n\t\t\t\t\t<\/div>\n\t\t<\/div>\n\t\t\t\t\t<\/div>\n\t\t<\/section>\n\t\t\t\t<section class=\"elementor-section elementor-top-section elementor-element elementor-element-2423fc2 elementor-section-full_width elementor-section-height-default elementor-section-height-default\" data-id=\"2423fc2\" data-element_type=\"section\" data-e-type=\"section\">\n\t\t\t\t\t\t<div class=\"elementor-container elementor-column-gap-default\">\n\t\t\t\t\t<div class=\"elementor-column elementor-col-100 elementor-top-column elementor-element elementor-element-66af751\" data-id=\"66af751\" data-element_type=\"column\" data-e-type=\"column\">\n\t\t\t<div class=\"elementor-widget-wrap elementor-element-populated\">\n\t\t\t\t\t\t<div class=\"elementor-element elementor-element-c4dd228 elementor-widget elementor-widget-image\" data-id=\"c4dd228\" data-element_type=\"widget\" data-e-type=\"widget\" data-widget_type=\"image.default\">\n\t\t\t\t<div class=\"elementor-widget-container\">\n\t\t\t\t\t\t\t\t\t\t\t\t\t\t\t<img loading=\"lazy\" decoding=\"async\" width=\"2560\" height=\"1131\" src=\"http:\/\/172.105.103.139\/wp-content\/uploads\/2026\/03\/Workshops_-scaled.jpg\" class=\"attachment-full size-full wp-image-3160\" alt=\"\" srcset=\"http:\/\/172.105.103.139\/wp-content\/uploads\/2026\/03\/Workshops_-scaled.jpg 2560w, http:\/\/172.105.103.139\/wp-content\/uploads\/2026\/03\/Workshops_-300x133.jpg 300w, http:\/\/172.105.103.139\/wp-content\/uploads\/2026\/03\/Workshops_-1024x452.jpg 1024w, http:\/\/172.105.103.139\/wp-content\/uploads\/2026\/03\/Workshops_-768x339.jpg 768w, http:\/\/172.105.103.139\/wp-content\/uploads\/2026\/03\/Workshops_-1536x678.jpg 1536w, http:\/\/172.105.103.139\/wp-content\/uploads\/2026\/03\/Workshops_-2048x905.jpg 2048w\" sizes=\"(max-width: 2560px) 100vw, 2560px\" \/>\t\t\t\t\t\t\t\t\t\t\t\t\t\t\t<\/div>\n\t\t\t\t<\/div>\n\t\t\t\t\t<\/div>\n\t\t<\/div>\n\t\t\t\t\t<\/div>\n\t\t<\/section>\n\t\t\t\t<section class=\"elementor-section elementor-top-section elementor-element elementor-element-5f1191f elementor-section-boxed elementor-section-height-default elementor-section-height-default\" data-id=\"5f1191f\" data-element_type=\"section\" data-e-type=\"section\">\n\t\t\t\t\t\t<div class=\"elementor-container elementor-column-gap-default\">\n\t\t\t\t\t<div class=\"elementor-column elementor-col-100 elementor-top-column elementor-element elementor-element-f86f8f5\" data-id=\"f86f8f5\" data-element_type=\"column\" data-e-type=\"column\">\n\t\t\t<div class=\"elementor-widget-wrap elementor-element-populated\">\n\t\t\t\t\t\t<div class=\"elementor-element elementor-element-4c345d4 elementor-widget elementor-widget-text-editor\" data-id=\"4c345d4\" data-element_type=\"widget\" data-e-type=\"widget\" data-widget_type=\"text-editor.default\">\n\t\t\t\t<div class=\"elementor-widget-container\">\n\t\t\t\t\t\t\t\t\t<p>Cada workshop se dise\u00f1a a partir del <span style=\"color: #85bbf9;\"><strong>diagn\u00f3stico real de su organizaci\u00f3n, <\/strong><\/span><span style=\"color: #000000;\"><strong>garantizando impacto en <\/strong><\/span><span style=\"color: #85bbf9;\"><strong>procesos e indicadores.<\/strong><\/span><\/p>\t\t\t\t\t\t\t\t<\/div>\n\t\t\t\t<\/div>\n\t\t\t\t\t<\/div>\n\t\t<\/div>\n\t\t\t\t\t<\/div>\n\t\t<\/section>\n\t\t\t\t<section class=\"elementor-section elementor-top-section elementor-element elementor-element-94800fb elementor-section-boxed elementor-section-height-default elementor-section-height-default\" data-id=\"94800fb\" data-element_type=\"section\" data-e-type=\"section\">\n\t\t\t\t\t\t<div class=\"elementor-container elementor-column-gap-default\">\n\t\t\t\t\t<div class=\"elementor-column elementor-col-100 elementor-top-column elementor-element elementor-element-245da2d\" data-id=\"245da2d\" data-element_type=\"column\" data-e-type=\"column\">\n\t\t\t<div class=\"elementor-widget-wrap elementor-element-populated\">\n\t\t\t\t\t\t<div class=\"elementor-element elementor-element-6ae707a elementor-button-info elementor-align-center elementor-widget elementor-widget-button\" data-id=\"6ae707a\" data-element_type=\"widget\" data-e-type=\"widget\" data-widget_type=\"button.default\">\n\t\t\t\t<div class=\"elementor-widget-container\">\n\t\t\t\t\t\t\t\t\t<div class=\"elementor-button-wrapper\">\n\t\t\t\t\t<a class=\"elementor-button elementor-button-link elementor-size-sm elementor-animation-pulse-shrink\" href=\"https:\/\/wa.me\/3176467327\" target=\"_blank\">\n\t\t\t\t\t\t<span class=\"elementor-button-content-wrapper\">\n\t\t\t\t\t\t\t\t\t<span class=\"elementor-button-text\">Cont\u00e1ctanos<\/span>\n\t\t\t\t\t<\/span>\n\t\t\t\t\t<\/a>\n\t\t\t\t<\/div>\n\t\t\t\t\t\t\t\t<\/div>\n\t\t\t\t<\/div>\n\t\t\t\t\t<\/div>\n\t\t<\/div>\n\t\t\t\t\t<\/div>\n\t\t<\/section>\n\t\t\t\t<\/div>\n\t\t","protected":false},"excerpt":{"rendered":"<p>Es una metodolog\u00eda cient\u00edfica, disruptiva, novedosa y creativa que sirve para mejorar el funcionamiento del Sistema de gesti\u00f3n y de las organizaciones. Es el resultado de 11 a\u00f1os de investigaci\u00f3n y tiene dos puntos fundamentales, el primero de ellos es que libera la imaginaci\u00f3n y la creatividad de las personas en beneficio de la construcci\u00f3n [&hellip;]<\/p>\n","protected":false},"author":5,"featured_media":2699,"parent":0,"menu_order":0,"comment_status":"closed","ping_status":"closed","template":"elementor_header_footer","meta":{"_eb_attr":"","_joinchat":[],"footnotes":""},"class_list":["post-2977","page","type-page","status-publish","has-post-thumbnail","hentry"],"_links":{"self":[{"href":"http:\/\/172.105.103.139\/index.php?rest_route=\/wp\/v2\/pages\/2977","targetHints":{"allow":["GET"]}}],"collection":[{"href":"http:\/\/172.105.103.139\/index.php?rest_route=\/wp\/v2\/pages"}],"about":[{"href":"http:\/\/172.105.103.139\/index.php?rest_route=\/wp\/v2\/types\/page"}],"author":[{"embeddable":true,"href":"http:\/\/172.105.103.139\/index.php?rest_route=\/wp\/v2\/users\/5"}],"replies":[{"embeddable":true,"href":"http:\/\/172.105.103.139\/index.php?rest_route=%2Fwp%2Fv2%2Fcomments&post=2977"}],"version-history":[{"count":5,"href":"http:\/\/172.105.103.139\/index.php?rest_route=\/wp\/v2\/pages\/2977\/revisions"}],"predecessor-version":[{"id":3227,"href":"http:\/\/172.105.103.139\/index.php?rest_route=\/wp\/v2\/pages\/2977\/revisions\/3227"}],"wp:featuredmedia":[{"embeddable":true,"href":"http:\/\/172.105.103.139\/index.php?rest_route=\/wp\/v2\/media\/2699"}],"wp:attachment":[{"href":"http:\/\/172.105.103.139\/index.php?rest_route=%2Fwp%2Fv2%2Fmedia&parent=2977"}],"curies":[{"name":"wp","href":"https:\/\/api.w.org\/{rel}","templated":true}]}}