{"id":3214,"date":"2026-04-10T16:17:55","date_gmt":"2026-04-10T21:17:55","guid":{"rendered":"http:\/\/172.105.18.252\/?page_id=3214"},"modified":"2026-04-27T17:13:04","modified_gmt":"2026-04-27T22:13:04","slug":"workshop-mta-learning","status":"publish","type":"page","link":"http:\/\/172.105.103.139\/?page_id=3214","title":{"rendered":"WORKSHOP MTa Learning"},"content":{"rendered":"\t\t<div data-elementor-type=\"wp-page\" data-elementor-id=\"3214\" class=\"elementor elementor-3214\">\n\t\t\t\t\t\t<section class=\"elementor-section elementor-top-section elementor-element elementor-element-2d696c3 elementor-section-full_width elementor-section-height-default elementor-section-height-default\" data-id=\"2d696c3\" data-element_type=\"section\" data-e-type=\"section\">\n\t\t\t\t\t\t<div class=\"elementor-container elementor-column-gap-default\">\n\t\t\t\t\t<div class=\"elementor-column elementor-col-100 elementor-top-column elementor-element elementor-element-a83cb34\" data-id=\"a83cb34\" data-element_type=\"column\" data-e-type=\"column\">\n\t\t\t<div class=\"elementor-widget-wrap elementor-element-populated\">\n\t\t\t\t\t\t<div class=\"elementor-element elementor-element-fe3e692 elementor-widget elementor-widget-image\" data-id=\"fe3e692\" data-element_type=\"widget\" data-e-type=\"widget\" data-widget_type=\"image.default\">\n\t\t\t\t<div class=\"elementor-widget-container\">\n\t\t\t\t\t\t\t\t\t\t\t\t\t\t\t<img fetchpriority=\"high\" decoding=\"async\" width=\"2560\" height=\"1095\" src=\"http:\/\/172.105.103.139\/wp-content\/uploads\/2026\/04\/WORKSHOP_Banner-servicios-copia-8-scaled.jpg\" class=\"attachment-full size-full wp-image-3218\" alt=\"\" srcset=\"http:\/\/172.105.103.139\/wp-content\/uploads\/2026\/04\/WORKSHOP_Banner-servicios-copia-8-scaled.jpg 2560w, http:\/\/172.105.103.139\/wp-content\/uploads\/2026\/04\/WORKSHOP_Banner-servicios-copia-8-300x128.jpg 300w, http:\/\/172.105.103.139\/wp-content\/uploads\/2026\/04\/WORKSHOP_Banner-servicios-copia-8-1024x438.jpg 1024w, http:\/\/172.105.103.139\/wp-content\/uploads\/2026\/04\/WORKSHOP_Banner-servicios-copia-8-768x328.jpg 768w, http:\/\/172.105.103.139\/wp-content\/uploads\/2026\/04\/WORKSHOP_Banner-servicios-copia-8-1536x657.jpg 1536w, http:\/\/172.105.103.139\/wp-content\/uploads\/2026\/04\/WORKSHOP_Banner-servicios-copia-8-2048x876.jpg 2048w\" sizes=\"(max-width: 2560px) 100vw, 2560px\" \/>\t\t\t\t\t\t\t\t\t\t\t\t\t\t\t<\/div>\n\t\t\t\t<\/div>\n\t\t\t\t\t<\/div>\n\t\t<\/div>\n\t\t\t\t\t<\/div>\n\t\t<\/section>\n\t\t\t\t<section class=\"elementor-section elementor-top-section elementor-element elementor-element-4722b16 elementor-section-boxed elementor-section-height-default elementor-section-height-default\" data-id=\"4722b16\" data-element_type=\"section\" data-e-type=\"section\" data-settings=\"{&quot;background_background&quot;:&quot;classic&quot;}\">\n\t\t\t\t\t\t<div class=\"elementor-container elementor-column-gap-default\">\n\t\t\t\t\t<div class=\"elementor-column elementor-col-100 elementor-top-column elementor-element elementor-element-321e991\" data-id=\"321e991\" data-element_type=\"column\" data-e-type=\"column\">\n\t\t\t<div class=\"elementor-widget-wrap elementor-element-populated\">\n\t\t\t\t\t\t<div class=\"elementor-element elementor-element-584c91a elementor-widget elementor-widget-text-editor\" data-id=\"584c91a\" data-element_type=\"widget\" data-e-type=\"widget\" data-widget_type=\"text-editor.default\">\n\t\t\t\t<div class=\"elementor-widget-container\">\n\t\t\t\t\t\t\t\t\t<div style=\"text-align: center;\" data-olk-copy-source=\"MailCompose\">MTa Learning es una <strong>metodolog\u00eda experiencial<\/strong> que permite fortalecer el <strong>aprendizaje organizacional<\/strong> y <strong>mejorar el desempe\u00f1o de equipos y sistemas de gesti\u00f3n.<\/strong> Se fundamenta en el aprendizaje a trav\u00e9s de la acci\u00f3n, facilitando la apropiaci\u00f3n del conocimiento mediante experiencias pr\u00e1cticas que generan impacto en la memoria de largo plazo y en la toma de decisiones.<\/div><h2 style=\"text-align: center;\" data-olk-copy-source=\"MailCompose\"><span style=\"color: #85bbf9;\"><strong>Su enfoque se basa en dos principios clave:\u00a0<\/strong><\/span><\/h2>\t\t\t\t\t\t\t\t<\/div>\n\t\t\t\t<\/div>\n\t\t\t\t\t<\/div>\n\t\t<\/div>\n\t\t\t\t\t<\/div>\n\t\t<\/section>\n\t\t\t\t<section class=\"elementor-section elementor-top-section elementor-element elementor-element-4447b0f elementor-section-boxed elementor-section-height-default elementor-section-height-default\" data-id=\"4447b0f\" data-element_type=\"section\" data-e-type=\"section\">\n\t\t\t\t\t\t<div class=\"elementor-container elementor-column-gap-default\">\n\t\t\t\t\t<div class=\"elementor-column elementor-col-33 elementor-top-column elementor-element elementor-element-4f3df1f\" data-id=\"4f3df1f\" data-element_type=\"column\" data-e-type=\"column\">\n\t\t\t<div class=\"elementor-widget-wrap elementor-element-populated\">\n\t\t\t\t\t\t<div class=\"elementor-element elementor-element-e1df6e9 elementor-widget elementor-widget-text-editor\" data-id=\"e1df6e9\" data-element_type=\"widget\" data-e-type=\"widget\" data-widget_type=\"text-editor.default\">\n\t\t\t\t<div class=\"elementor-widget-container\">\n\t\t\t\t\t\t\t\t\t<p>Promover la participaci\u00f3n activa de los colaboradores para desarrollar habilidades, actitudes y competencias alineadas con los objetivos organizacionales<\/p>\t\t\t\t\t\t\t\t<\/div>\n\t\t\t\t<\/div>\n\t\t\t\t\t<\/div>\n\t\t<\/div>\n\t\t\t\t<div class=\"elementor-column elementor-col-33 elementor-top-column elementor-element elementor-element-85e6052\" data-id=\"85e6052\" data-element_type=\"column\" data-e-type=\"column\">\n\t\t\t<div class=\"elementor-widget-wrap elementor-element-populated\">\n\t\t\t\t\t\t<div class=\"elementor-element elementor-element-25d6308 elementor-view-default elementor-widget elementor-widget-icon\" data-id=\"25d6308\" data-element_type=\"widget\" data-e-type=\"widget\" data-widget_type=\"icon.default\">\n\t\t\t\t<div class=\"elementor-widget-container\">\n\t\t\t\t\t\t\t<div class=\"elementor-icon-wrapper\">\n\t\t\t<div class=\"elementor-icon\">\n\t\t\t<i aria-hidden=\"true\" class=\"fas fa-angle-double-right\"><\/i>\t\t\t<\/div>\n\t\t<\/div>\n\t\t\t\t\t\t<\/div>\n\t\t\t\t<\/div>\n\t\t\t\t\t<\/div>\n\t\t<\/div>\n\t\t\t\t<div class=\"elementor-column elementor-col-33 elementor-top-column elementor-element elementor-element-f0cf454\" data-id=\"f0cf454\" data-element_type=\"column\" data-e-type=\"column\">\n\t\t\t<div class=\"elementor-widget-wrap elementor-element-populated\">\n\t\t\t\t\t\t<div class=\"elementor-element elementor-element-5937145 elementor-widget elementor-widget-text-editor\" data-id=\"5937145\" data-element_type=\"widget\" data-e-type=\"widget\" data-widget_type=\"text-editor.default\">\n\t\t\t\t<div class=\"elementor-widget-container\">\n\t\t\t\t\t\t\t\t\t<p>Facilitar procesos de reflexi\u00f3n que permiten convertir la experiencia en aprendizajes aplicables al entorno laboral.<\/p>\t\t\t\t\t\t\t\t<\/div>\n\t\t\t\t<\/div>\n\t\t\t\t\t<\/div>\n\t\t<\/div>\n\t\t\t\t\t<\/div>\n\t\t<\/section>\n\t\t\t\t<section class=\"elementor-section elementor-top-section elementor-element elementor-element-f9b3612 elementor-section-boxed elementor-section-height-default elementor-section-height-default\" data-id=\"f9b3612\" data-element_type=\"section\" data-e-type=\"section\" data-settings=\"{&quot;background_background&quot;:&quot;classic&quot;}\">\n\t\t\t\t\t\t\t<div class=\"elementor-background-overlay\"><\/div>\n\t\t\t\t\t\t\t<div class=\"elementor-container elementor-column-gap-default\">\n\t\t\t\t\t<div class=\"elementor-column elementor-col-100 elementor-top-column elementor-element elementor-element-b11fcb4\" data-id=\"b11fcb4\" data-element_type=\"column\" data-e-type=\"column\">\n\t\t\t<div class=\"elementor-widget-wrap elementor-element-populated\">\n\t\t\t\t\t\t<div class=\"elementor-element elementor-element-83530bd elementor-widget elementor-widget-text-editor\" data-id=\"83530bd\" data-element_type=\"widget\" data-e-type=\"widget\" data-widget_type=\"text-editor.default\">\n\t\t\t\t<div class=\"elementor-widget-container\">\n\t\t\t\t\t\t\t\t\t<p>A trav\u00e9s de<strong> actividades experienciales dise\u00f1adas estrat\u00e9gicamente,<\/strong> los participantes enfrentan situaciones simuladas que representan retos reales de la organizaci\u00f3n, permitiendo <strong>identificar oportunidades de mejora, fortalecer la comunicaci\u00f3n y generar soluciones efectivas<\/strong> que impactan directamente en la gesti\u00f3n y los resultados.<\/p>\t\t\t\t\t\t\t\t<\/div>\n\t\t\t\t<\/div>\n\t\t\t\t\t<\/div>\n\t\t<\/div>\n\t\t\t\t\t<\/div>\n\t\t<\/section>\n\t\t\t\t<section class=\"elementor-section elementor-top-section elementor-element elementor-element-d9aa9cb elementor-section-boxed elementor-section-height-default elementor-section-height-default\" data-id=\"d9aa9cb\" data-element_type=\"section\" data-e-type=\"section\">\n\t\t\t\t\t\t<div class=\"elementor-container elementor-column-gap-default\">\n\t\t\t\t\t<div class=\"elementor-column elementor-col-100 elementor-top-column elementor-element elementor-element-4dabbce\" data-id=\"4dabbce\" data-element_type=\"column\" data-e-type=\"column\">\n\t\t\t<div class=\"elementor-widget-wrap elementor-element-populated\">\n\t\t\t\t\t\t<div class=\"elementor-element elementor-element-2665b98 elementor-widget-divider--view-line elementor-widget elementor-widget-divider\" data-id=\"2665b98\" data-element_type=\"widget\" data-e-type=\"widget\" data-widget_type=\"divider.default\">\n\t\t\t\t<div class=\"elementor-widget-container\">\n\t\t\t\t\t\t\t<div class=\"elementor-divider\">\n\t\t\t<span class=\"elementor-divider-separator\">\n\t\t\t\t\t\t<\/span>\n\t\t<\/div>\n\t\t\t\t\t\t<\/div>\n\t\t\t\t<\/div>\n\t\t\t\t\t<\/div>\n\t\t<\/div>\n\t\t\t\t\t<\/div>\n\t\t<\/section>\n\t\t\t\t<section class=\"elementor-section elementor-top-section elementor-element elementor-element-27730cf elementor-section-boxed elementor-section-height-default elementor-section-height-default\" data-id=\"27730cf\" data-element_type=\"section\" data-e-type=\"section\">\n\t\t\t\t\t\t<div class=\"elementor-container elementor-column-gap-default\">\n\t\t\t\t\t<div class=\"elementor-column elementor-col-100 elementor-top-column elementor-element elementor-element-210d1c5\" data-id=\"210d1c5\" data-element_type=\"column\" data-e-type=\"column\">\n\t\t\t<div class=\"elementor-widget-wrap elementor-element-populated\">\n\t\t\t\t\t\t<div class=\"elementor-element elementor-element-32cf7dd elementor-widget elementor-widget-heading\" data-id=\"32cf7dd\" data-element_type=\"widget\" data-e-type=\"widget\" data-widget_type=\"heading.default\">\n\t\t\t\t<div class=\"elementor-widget-container\">\n\t\t\t\t\t<h2 class=\"elementor-heading-title elementor-size-default\">Beneficios<\/h2>\t\t\t\t<\/div>\n\t\t\t\t<\/div>\n\t\t\t\t\t<\/div>\n\t\t<\/div>\n\t\t\t\t\t<\/div>\n\t\t<\/section>\n\t\t\t\t<section class=\"elementor-section elementor-top-section elementor-element elementor-element-83e77c9 elementor-section-full_width elementor-section-height-default elementor-section-height-default\" data-id=\"83e77c9\" data-element_type=\"section\" data-e-type=\"section\">\n\t\t\t\t\t\t<div class=\"elementor-container elementor-column-gap-default\">\n\t\t\t\t\t<div class=\"elementor-column elementor-col-100 elementor-top-column elementor-element elementor-element-ee96f76\" data-id=\"ee96f76\" data-element_type=\"column\" data-e-type=\"column\">\n\t\t\t<div class=\"elementor-widget-wrap elementor-element-populated\">\n\t\t\t\t\t\t<div class=\"elementor-element elementor-element-6217a01 elementor-widget elementor-widget-image\" data-id=\"6217a01\" data-element_type=\"widget\" data-e-type=\"widget\" data-widget_type=\"image.default\">\n\t\t\t\t<div class=\"elementor-widget-container\">\n\t\t\t\t\t\t\t\t\t\t\t\t\t\t\t<img decoding=\"async\" width=\"2560\" height=\"1167\" src=\"http:\/\/172.105.103.139\/wp-content\/uploads\/2026\/04\/MTa-scaled.jpg\" class=\"attachment-full size-full wp-image-3220\" alt=\"\" srcset=\"http:\/\/172.105.103.139\/wp-content\/uploads\/2026\/04\/MTa-scaled.jpg 2560w, http:\/\/172.105.103.139\/wp-content\/uploads\/2026\/04\/MTa-300x137.jpg 300w, http:\/\/172.105.103.139\/wp-content\/uploads\/2026\/04\/MTa-1024x467.jpg 1024w, http:\/\/172.105.103.139\/wp-content\/uploads\/2026\/04\/MTa-768x350.jpg 768w, http:\/\/172.105.103.139\/wp-content\/uploads\/2026\/04\/MTa-1536x700.jpg 1536w, http:\/\/172.105.103.139\/wp-content\/uploads\/2026\/04\/MTa-2048x933.jpg 2048w\" sizes=\"(max-width: 2560px) 100vw, 2560px\" \/>\t\t\t\t\t\t\t\t\t\t\t\t\t\t\t<\/div>\n\t\t\t\t<\/div>\n\t\t\t\t\t<\/div>\n\t\t<\/div>\n\t\t\t\t\t<\/div>\n\t\t<\/section>\n\t\t\t\t<section class=\"elementor-section elementor-top-section elementor-element elementor-element-2423fc2 elementor-section-full_width elementor-section-height-default elementor-section-height-default\" data-id=\"2423fc2\" data-element_type=\"section\" data-e-type=\"section\">\n\t\t\t\t\t\t<div class=\"elementor-container elementor-column-gap-default\">\n\t\t\t\t\t<div class=\"elementor-column elementor-col-100 elementor-top-column elementor-element elementor-element-66af751\" data-id=\"66af751\" data-element_type=\"column\" data-e-type=\"column\">\n\t\t\t<div class=\"elementor-widget-wrap elementor-element-populated\">\n\t\t\t\t\t\t<div class=\"elementor-element elementor-element-c4dd228 elementor-widget elementor-widget-image\" data-id=\"c4dd228\" data-element_type=\"widget\" data-e-type=\"widget\" data-widget_type=\"image.default\">\n\t\t\t\t<div class=\"elementor-widget-container\">\n\t\t\t\t\t\t\t\t\t\t\t\t\t\t\t<img decoding=\"async\" width=\"2560\" height=\"905\" src=\"http:\/\/172.105.103.139\/wp-content\/uploads\/2026\/04\/Mta-6-scaled.jpg\" class=\"attachment-full size-full wp-image-3390\" alt=\"\" srcset=\"http:\/\/172.105.103.139\/wp-content\/uploads\/2026\/04\/Mta-6-scaled.jpg 2560w, http:\/\/172.105.103.139\/wp-content\/uploads\/2026\/04\/Mta-6-300x106.jpg 300w, http:\/\/172.105.103.139\/wp-content\/uploads\/2026\/04\/Mta-6-1024x362.jpg 1024w, http:\/\/172.105.103.139\/wp-content\/uploads\/2026\/04\/Mta-6-768x271.jpg 768w, http:\/\/172.105.103.139\/wp-content\/uploads\/2026\/04\/Mta-6-1536x543.jpg 1536w, http:\/\/172.105.103.139\/wp-content\/uploads\/2026\/04\/Mta-6-2048x724.jpg 2048w\" sizes=\"(max-width: 2560px) 100vw, 2560px\" \/>\t\t\t\t\t\t\t\t\t\t\t\t\t\t\t<\/div>\n\t\t\t\t<\/div>\n\t\t\t\t\t<\/div>\n\t\t<\/div>\n\t\t\t\t\t<\/div>\n\t\t<\/section>\n\t\t\t\t<section class=\"elementor-section elementor-top-section elementor-element elementor-element-5f1191f elementor-section-boxed elementor-section-height-default elementor-section-height-default\" data-id=\"5f1191f\" data-element_type=\"section\" data-e-type=\"section\">\n\t\t\t\t\t\t<div class=\"elementor-container elementor-column-gap-default\">\n\t\t\t\t\t<div class=\"elementor-column elementor-col-100 elementor-top-column elementor-element elementor-element-f86f8f5\" data-id=\"f86f8f5\" data-element_type=\"column\" data-e-type=\"column\">\n\t\t\t<div class=\"elementor-widget-wrap elementor-element-populated\">\n\t\t\t\t\t\t<div class=\"elementor-element elementor-element-4c345d4 elementor-widget elementor-widget-text-editor\" data-id=\"4c345d4\" data-element_type=\"widget\" data-e-type=\"widget\" data-widget_type=\"text-editor.default\">\n\t\t\t\t<div class=\"elementor-widget-container\">\n\t\t\t\t\t\t\t\t\t<p>Cada workshop se dise\u00f1a a partir del <span style=\"color: #85bbf9;\"><strong>diagn\u00f3stico real de su organizaci\u00f3n, <\/strong><\/span><span style=\"color: #000000;\"><strong>garantizando impacto en <\/strong><\/span><span style=\"color: #85bbf9;\"><strong>procesos e indicadores.<\/strong><\/span><\/p>\t\t\t\t\t\t\t\t<\/div>\n\t\t\t\t<\/div>\n\t\t\t\t\t<\/div>\n\t\t<\/div>\n\t\t\t\t\t<\/div>\n\t\t<\/section>\n\t\t\t\t<section class=\"elementor-section elementor-top-section elementor-element elementor-element-94800fb elementor-section-boxed elementor-section-height-default elementor-section-height-default\" data-id=\"94800fb\" data-element_type=\"section\" data-e-type=\"section\">\n\t\t\t\t\t\t<div class=\"elementor-container elementor-column-gap-default\">\n\t\t\t\t\t<div class=\"elementor-column elementor-col-100 elementor-top-column elementor-element elementor-element-245da2d\" data-id=\"245da2d\" data-element_type=\"column\" data-e-type=\"column\">\n\t\t\t<div class=\"elementor-widget-wrap elementor-element-populated\">\n\t\t\t\t\t\t<div class=\"elementor-element elementor-element-6ae707a elementor-button-info elementor-align-center elementor-widget elementor-widget-button\" data-id=\"6ae707a\" data-element_type=\"widget\" data-e-type=\"widget\" data-widget_type=\"button.default\">\n\t\t\t\t<div class=\"elementor-widget-container\">\n\t\t\t\t\t\t\t\t\t<div class=\"elementor-button-wrapper\">\n\t\t\t\t\t<a class=\"elementor-button elementor-button-link elementor-size-sm elementor-animation-pulse-shrink\" href=\"https:\/\/wa.me\/3176467327\" target=\"_blank\">\n\t\t\t\t\t\t<span class=\"elementor-button-content-wrapper\">\n\t\t\t\t\t\t\t\t\t<span class=\"elementor-button-text\">Cont\u00e1ctanos<\/span>\n\t\t\t\t\t<\/span>\n\t\t\t\t\t<\/a>\n\t\t\t\t<\/div>\n\t\t\t\t\t\t\t\t<\/div>\n\t\t\t\t<\/div>\n\t\t\t\t\t<\/div>\n\t\t<\/div>\n\t\t\t\t\t<\/div>\n\t\t<\/section>\n\t\t\t\t<\/div>\n\t\t","protected":false},"excerpt":{"rendered":"<p>MTa Learning es una metodolog\u00eda experiencial que permite fortalecer el aprendizaje organizacional y mejorar el desempe\u00f1o de equipos y sistemas de gesti\u00f3n. Se fundamenta en el aprendizaje a trav\u00e9s de la acci\u00f3n, facilitando la apropiaci\u00f3n del conocimiento mediante experiencias pr\u00e1cticas que generan impacto en la memoria de largo plazo y en la toma de decisiones. [&hellip;]<\/p>\n","protected":false},"author":5,"featured_media":2699,"parent":0,"menu_order":0,"comment_status":"closed","ping_status":"closed","template":"elementor_header_footer","meta":{"_eb_attr":"","_joinchat":[],"footnotes":""},"class_list":["post-3214","page","type-page","status-publish","has-post-thumbnail","hentry"],"_links":{"self":[{"href":"http:\/\/172.105.103.139\/index.php?rest_route=\/wp\/v2\/pages\/3214","targetHints":{"allow":["GET"]}}],"collection":[{"href":"http:\/\/172.105.103.139\/index.php?rest_route=\/wp\/v2\/pages"}],"about":[{"href":"http:\/\/172.105.103.139\/index.php?rest_route=\/wp\/v2\/types\/page"}],"author":[{"embeddable":true,"href":"http:\/\/172.105.103.139\/index.php?rest_route=\/wp\/v2\/users\/5"}],"replies":[{"embeddable":true,"href":"http:\/\/172.105.103.139\/index.php?rest_route=%2Fwp%2Fv2%2Fcomments&post=3214"}],"version-history":[{"count":5,"href":"http:\/\/172.105.103.139\/index.php?rest_route=\/wp\/v2\/pages\/3214\/revisions"}],"predecessor-version":[{"id":3395,"href":"http:\/\/172.105.103.139\/index.php?rest_route=\/wp\/v2\/pages\/3214\/revisions\/3395"}],"wp:featuredmedia":[{"embeddable":true,"href":"http:\/\/172.105.103.139\/index.php?rest_route=\/wp\/v2\/media\/2699"}],"wp:attachment":[{"href":"http:\/\/172.105.103.139\/index.php?rest_route=%2Fwp%2Fv2%2Fmedia&parent=3214"}],"curies":[{"name":"wp","href":"https:\/\/api.w.org\/{rel}","templated":true}]}}